{"id":114,"date":"2021-08-31T21:49:29","date_gmt":"2021-08-31T21:49:29","guid":{"rendered":"https:\/\/sweethome-app.com\/?page_id=114"},"modified":"2022-01-25T15:51:11","modified_gmt":"2022-01-25T15:51:11","slug":"legal-notice","status":"publish","type":"page","link":"https:\/\/sweethome-app.com\/ru\/legal-notice\/","title":{"rendered":"Legal Notice"},"content":{"rendered":"\n<p>Soci\u00e9t\u00e9<br>La soci\u00e9t\u00e9 SAS SweetHome au capital de 10 000 euros, immatricul\u00e9(e) au Registre du Commerce et des Soci\u00e9t\u00e9s de Nice sous le num\u00e9ro 839 578 432 et dont le si\u00e8ge social est situ\u00e9 au :<br>455 Promenade des Anglais, Porte de l&#8217;Arenas, Hall C, CS 13326, 06206 Nice<br>Repr\u00e9sent\u00e9e par SUCHKOV Mikhail, agissant en qualit\u00e9 de Pr\u00e9sident.<br>Adresse de courrier \u00e9lectronique : ms@swho.fr<br>T\u00e9l\u00e9phone : +33 970 444 103<br>Num\u00e9ro de TVA Intracommunautaire : FR 37 839 578 432<\/p>\n\n\n\n<p>H\u00e9bergeur du site<br>1&amp;1 IONOS SARL<br>si\u00e8ge social: 7 place de la Gare, 57201 SARREGUEMINES<br>num\u00e9ro de t\u00e9l\u00e9phone : +33 9 70 80 89 11<\/p>\n","protected":false},"excerpt":{"rendered":"<p>Soci\u00e9t\u00e9La soci\u00e9t\u00e9 SAS SweetHome au capital de 10 000 euros, immatricul\u00e9(e) au Registre du Commerce et des Soci\u00e9t\u00e9s de Nice sous le num\u00e9ro 839 578 432 et dont le si\u00e8ge social est situ\u00e9 au :455 Promenade des Anglais, Porte de l&#8217;Arenas, Hall C, CS 13326, 06206 NiceRepr\u00e9sent\u00e9e par SUCHKOV Mikhail, agissant en qualit\u00e9 de Pr\u00e9sident.Adresse [&hellip;]<\/p>\n","protected":false},"author":1,"featured_media":0,"parent":0,"menu_order":0,"comment_status":"closed","ping_status":"closed","template":"","meta":{"footnotes":""},"class_list":["post-114","page","type-page","status-publish","hentry"],"translation":{"provider":"WPGlobus","version":"2.12.2","language":"ru","enabled_languages":["en","de","ru","fr"],"languages":{"en":{"title":true,"content":true,"excerpt":false},"de":{"title":false,"content":false,"excerpt":false},"ru":{"title":false,"content":false,"excerpt":false},"fr":{"title":false,"content":false,"excerpt":false}}},"yoast_head":"<!-- This site is optimized with the Yoast SEO plugin v21.8.1 - https:\/\/yoast.com\/wordpress\/plugins\/seo\/ -->\n<title>Legal Notice - Sweet Home<\/title>\n<meta name=\"robots\" content=\"index, follow, max-snippet:-1, max-image-preview:large, max-video-preview:-1\" \/>\n<link rel=\"canonical\" href=\"https:\/\/sweethome-app.com\/legal-notice\/\" \/>\n<meta property=\"og:locale\" content=\"ru_RU\" \/>\n<meta property=\"og:type\" content=\"article\" \/>\n<meta property=\"og:title\" content=\"Legal Notice - Sweet Home\" \/>\n<meta property=\"og:url\" content=\"https:\/\/sweethome-app.com\/legal-notice\/\" \/>\n<meta property=\"og:site_name\" content=\"Sweet Home\" \/>\n<meta property=\"article:modified_time\" content=\"2022-01-25T15:51:11+00:00\" \/>\n<meta name=\"twitter:card\" content=\"summary_large_image\" \/>\n<meta name=\"twitter:label1\" content=\"Est. reading time\" \/>\n\t<meta name=\"twitter:data1\" content=\"1 minute\" \/>\n<script type=\"application\/ld+json\" class=\"yoast-schema-graph\">{\"@context\":\"https:\/\/schema.org\",\"@graph\":[{\"@type\":\"WebPage\",\"@id\":\"https:\/\/sweethome-app.com\/legal-notice\/\",\"url\":\"https:\/\/sweethome-app.com\/legal-notice\/\",\"name\":\"Legal Notice - Sweet Home\",\"isPartOf\":{\"@id\":\"https:\/\/sweethome-app.com\/#website\"},\"datePublished\":\"2021-08-31T21:49:29+00:00\",\"dateModified\":\"2022-01-25T15:51:11+00:00\",\"inLanguage\":\"ru-RU\",\"potentialAction\":[{\"@type\":\"ReadAction\",\"target\":[\"https:\/\/sweethome-app.com\/legal-notice\/\"]}]},{\"@type\":\"WebSite\",\"@id\":\"https:\/\/sweethome-app.com\/#website\",\"url\":\"https:\/\/sweethome-app.com\/\",\"name\":\"Sweet Home\",\"description\":\"Just another WordPress site\",\"potentialAction\":[{\"@type\":\"SearchAction\",\"target\":{\"@type\":\"EntryPoint\",\"urlTemplate\":\"https:\/\/sweethome-app.com\/?s={search_term_string}\"},\"query-input\":\"required name=search_term_string\"}],\"inLanguage\":\"ru-RU\"}]}<\/script>\n<!-- \/ Yoast SEO plugin. -->","yoast_head_json":{"title":"Legal Notice - Sweet Home","robots":{"index":"index","follow":"follow","max-snippet":"max-snippet:-1","max-image-preview":"max-image-preview:large","max-video-preview":"max-video-preview:-1"},"canonical":"https:\/\/sweethome-app.com\/legal-notice\/","og_locale":"ru_RU","og_type":"article","og_title":"Legal Notice - Sweet Home","og_url":"https:\/\/sweethome-app.com\/legal-notice\/","og_site_name":"Sweet Home","article_modified_time":"2022-01-25T15:51:11+00:00","twitter_card":"summary_large_image","twitter_misc":{"Est. reading time":"1 minute"},"schema":{"@context":"https:\/\/schema.org","@graph":[{"@type":"WebPage","@id":"https:\/\/sweethome-app.com\/legal-notice\/","url":"https:\/\/sweethome-app.com\/legal-notice\/","name":"Legal Notice - Sweet Home","isPartOf":{"@id":"https:\/\/sweethome-app.com\/#website"},"datePublished":"2021-08-31T21:49:29+00:00","dateModified":"2022-01-25T15:51:11+00:00","inLanguage":"ru-RU","potentialAction":[{"@type":"ReadAction","target":["https:\/\/sweethome-app.com\/legal-notice\/"]}]},{"@type":"WebSite","@id":"https:\/\/sweethome-app.com\/#website","url":"https:\/\/sweethome-app.com\/","name":"Sweet Home","description":"Just another WordPress site","potentialAction":[{"@type":"SearchAction","target":{"@type":"EntryPoint","urlTemplate":"https:\/\/sweethome-app.com\/?s={search_term_string}"},"query-input":"required name=search_term_string"}],"inLanguage":"ru-RU"}]}},"_links":{"self":[{"href":"https:\/\/sweethome-app.com\/ru\/wp-json\/wp\/v2\/pages\/114","targetHints":{"allow":["GET"]}}],"collection":[{"href":"https:\/\/sweethome-app.com\/ru\/wp-json\/wp\/v2\/pages"}],"about":[{"href":"https:\/\/sweethome-app.com\/ru\/wp-json\/wp\/v2\/types\/page"}],"author":[{"embeddable":true,"href":"https:\/\/sweethome-app.com\/ru\/wp-json\/wp\/v2\/users\/1"}],"replies":[{"embeddable":true,"href":"https:\/\/sweethome-app.com\/ru\/wp-json\/wp\/v2\/comments?post=114"}],"version-history":[{"count":3,"href":"https:\/\/sweethome-app.com\/ru\/wp-json\/wp\/v2\/pages\/114\/revisions"}],"predecessor-version":[{"id":276,"href":"https:\/\/sweethome-app.com\/ru\/wp-json\/wp\/v2\/pages\/114\/revisions\/276"}],"wp:attachment":[{"href":"https:\/\/sweethome-app.com\/ru\/wp-json\/wp\/v2\/media?parent=114"}],"curies":[{"name":"wp","href":"https:\/\/api.w.org\/{rel}","templated":true}]}}